{"id":732,"date":"2024-02-05T23:39:38","date_gmt":"2024-02-05T22:39:38","guid":{"rendered":"https:\/\/onbehalf.ai\/?page_id=732"},"modified":"2024-03-29T13:54:41","modified_gmt":"2024-03-29T12:54:41","slug":"personal-data-processing","status":"publish","type":"page","link":"https:\/\/onbehalf.ai\/index.php\/fr\/personal-data-processing\/","title":{"rendered":"politique-de-confidentialit\u00e9"},"content":{"rendered":"\t\t<div data-elementor-type=\"wp-page\" data-elementor-id=\"732\" class=\"elementor elementor-732\" data-elementor-post-type=\"page\">\n\t\t\t\t<div class=\"elementor-element elementor-element-4ff8296e e-flex e-con-boxed e-con e-parent\" data-id=\"4ff8296e\" data-element_type=\"container\">\n\t\t\t\t\t<div class=\"e-con-inner\">\n\t\t\t\t<div class=\"elementor-element elementor-element-def7d32 elementor-widget elementor-widget-text-editor\" data-id=\"def7d32\" data-element_type=\"widget\" data-widget_type=\"text-editor.default\">\n\t\t\t\t<div class=\"elementor-widget-container\">\n\t\t\t<style>\/*! elementor - v3.21.0 - 26-05-2024 *\/\n.elementor-widget-text-editor.elementor-drop-cap-view-stacked .elementor-drop-cap{background-color:#69727d;color:#fff}.elementor-widget-text-editor.elementor-drop-cap-view-framed .elementor-drop-cap{color:#69727d;border:3px solid;background-color:transparent}.elementor-widget-text-editor:not(.elementor-drop-cap-view-default) .elementor-drop-cap{margin-top:8px}.elementor-widget-text-editor:not(.elementor-drop-cap-view-default) .elementor-drop-cap-letter{width:1em;height:1em}.elementor-widget-text-editor .elementor-drop-cap{float:left;text-align:center;line-height:1;font-size:50px}.elementor-widget-text-editor .elementor-drop-cap-letter{display:inline-block}<\/style>\t\t\t\t<!-- wp:paragraph -->\n<h2>Politique de confidentialit\u00e9<\/h2>\n<!-- \/wp:paragraph --><!-- wp:paragraph -->\n<p class=\"mb-2 whitespace-pre-wrap\">Derni\u00e8re mise \u00e0 jour: 31\/01\/2024<\/p>\n<p class=\"mb-2 whitespace-pre-wrap\">La confidentialit\u00e9 et la s\u00e9curit\u00e9 de vos donn\u00e9es personnelles sont une priorit\u00e9 pour &#8220;On Behalf AI&#8221;. Cette politique de confidentialit\u00e9 d\u00e9crit comment nous collectons, utilisons et prot\u00e9geons vos donn\u00e9es personnelles lorsque vous utilisez notre site web.<\/p>\n<h4 class=\"mb-2 whitespace-pre-wrap\">Collecte des donn\u00e9es personnelles<\/h4>\n<p class=\"mb-2 whitespace-pre-wrap\">Lorsque vous naviguez sur notre site web, nous pouvons collecter certaines donn\u00e9es personnelles vous concernant, telles que votre nom, votre adresse e-mail, votre adresse IP, et d&#8217;autres informations similaires. Ces donn\u00e9es peuvent \u00eatre collect\u00e9es automatiquement \u00e0 l&#8217;aide de cookies ou \u00eatre fournies directement par vous lors de la cr\u00e9ation d&#8217;un compte ou de la soumission d&#8217;un formulaire.<\/p>\n<h4 class=\"mb-2 whitespace-pre-wrap\">Utilisation des donn\u00e9es personnelles<\/h4>\n<p class=\"mb-2 whitespace-pre-wrap\">Nous utilisons les donn\u00e9es personnelles collect\u00e9es pour am\u00e9liorer votre exp\u00e9rience utilisateur sur notre site web, r\u00e9pondre \u00e0 vos demandes, vous envoyer des communications marketing et analyser la fr\u00e9quentation de notre site. Nous ne vendons pas, ne louons pas et ne divulguons pas vos donn\u00e9es personnelles \u00e0 des tiers sans votre consentement.<\/p>\n<h4 class=\"mb-2 whitespace-pre-wrap\">S\u00e9curit\u00e9 des donn\u00e9es<\/h4>\n<p class=\"mb-2 whitespace-pre-wrap\">&#8220;On Behalf AI&#8221; s&#8217;engage \u00e0 prot\u00e9ger la confidentialit\u00e9 et la s\u00e9curit\u00e9 de vos donn\u00e9es personnelles. Nous mettons en place des mesures techniques et organisationnelles appropri\u00e9es pour emp\u00eacher tout acc\u00e8s non autoris\u00e9, divulgation, alt\u00e9ration ou destruction de vos donn\u00e9es personnelles.<\/p>\n<h4 class=\"mb-2 whitespace-pre-wrap\">Conservation des donn\u00e9es<\/h4>\n<p class=\"mb-2 whitespace-pre-wrap\">Nous conservons vos donn\u00e9es personnelles aussi longtemps que n\u00e9cessaire pour atteindre les finalit\u00e9s pour lesquelles elles ont \u00e9t\u00e9 collect\u00e9es, \u00e0 moins qu&#8217;une dur\u00e9e de conservation plus longue ne soit requise par la loi.<\/p>\n<h4 class=\"mb-2 whitespace-pre-wrap\">Droits des utilisateurs<\/h4>\n<p class=\"mb-2 whitespace-pre-wrap\">Vous avez le droit d&#8217;acc\u00e9der \u00e0 vos donn\u00e9es personnelles, de les rectifier, de les supprimer ou de les transf\u00e9rer. Vous pouvez \u00e9galement vous opposer au traitement de vos donn\u00e9es personnelles ou demander leur limitation. Pour exercer vos droits, veuillez nous contacter \u00e0 l&#8217;adresse e-mail suivante: <img decoding=\"async\" class=\"alignnone size-full wp-image-722\" src=\"https:\/\/onbehalf.ai\/wp-content\/uploads\/2024\/02\/1.png\" alt=\"\" width=\"167\" height=\"12\" srcset=\"https:\/\/onbehalf.ai\/wp-content\/uploads\/2024\/02\/1.png 167w, https:\/\/onbehalf.ai\/wp-content\/uploads\/2024\/02\/1-150x12.png 150w\" sizes=\"(max-width: 167px) 100vw, 167px\" \/>.<\/p>\n<h4 class=\"mb-2 whitespace-pre-wrap\">Cookies<\/h4>\n<p class=\"mb-2 whitespace-pre-wrap\">Nous utilisons des cookies sur notre site web pour am\u00e9liorer votre exp\u00e9rience utilisateur. En utilisant notre site, vous consentez \u00e0 notre utilisation des cookies conform\u00e9ment \u00e0 notre politique d&#8217;utilisation des cookies.<\/p>\n<h4 class=\"mb-2 whitespace-pre-wrap\">Mises \u00e0 jour de la politique de confidentialit\u00e9<\/h4>\n<p class=\"mb-2 whitespace-pre-wrap\">Nous nous r\u00e9servons le droit de modifier cette politique de confidentialit\u00e9 \u00e0 tout moment. Nous vous recommandons de consulter r\u00e9guli\u00e8rement cette page pour rester inform\u00e9 des derni\u00e8res mises \u00e0 jour.<\/p>\n<p class=\"mb-2 whitespace-pre-wrap\">Si vous avez des questions ou des pr\u00e9occupations concernant notre politique de confidentialit\u00e9, veuillez nous contacter \u00e0 l&#8217;adresse suivante : <img decoding=\"async\" class=\"alignnone size-full wp-image-722\" src=\"https:\/\/onbehalf.ai\/wp-content\/uploads\/2024\/02\/1.png\" alt=\"\" width=\"167\" height=\"12\" srcset=\"https:\/\/onbehalf.ai\/wp-content\/uploads\/2024\/02\/1.png 167w, https:\/\/onbehalf.ai\/wp-content\/uploads\/2024\/02\/1-150x12.png 150w\" sizes=\"(max-width: 167px) 100vw, 167px\" \/>.<\/p>\n<p class=\"mb-2 whitespace-pre-wrap\">En utilisant notre site web &#8220;On Behalf AI&#8221;, vous consentez \u00e0 notre politique de confidentialit\u00e9 conform\u00e9ment aux dispositions \u00e9nonc\u00e9es ci-dessus.<\/p>\n<!-- \/wp:paragraph -->\t\t\t\t\t\t<\/div>\n\t\t\t\t<\/div>\n\t\t\t\t\t<\/div>\n\t\t\t\t<\/div>\n\t\t\t\t<\/div>\n\t\t","protected":false},"excerpt":{"rendered":"<p>Politique de confidentialit\u00e9 Derni\u00e8re mise \u00e0 jour: 31\/01\/2024 La confidentialit\u00e9 et la s\u00e9curit\u00e9 de vos donn\u00e9es personnelles sont une priorit\u00e9 pour &#8220;On Behalf AI&#8221;. Cette politique de confidentialit\u00e9 d\u00e9crit comment nous collectons, utilisons et prot\u00e9geons vos donn\u00e9es personnelles lorsque vous utilisez notre site web. Collecte des donn\u00e9es personnelles Lorsque vous naviguez sur notre site web,&hellip;&nbsp;<\/p>\n<div class=\"read-more-wrapper\"><a href=\"https:\/\/onbehalf.ai\/index.php\/fr\/personal-data-processing\/\" class=\"button button-primary\" rel=\"bookmark\">Lire la suite &raquo;<span class=\"screen-reader-text\">politique-de-confidentialit\u00e9<\/span><\/a><\/div>\n","protected":false},"author":1,"featured_media":0,"parent":37,"menu_order":0,"comment_status":"closed","ping_status":"closed","template":"","meta":{"neve_meta_sidebar":"","neve_meta_container":"","neve_meta_enable_content_width":"","neve_meta_content_width":0,"neve_meta_title_alignment":"","neve_meta_author_avatar":"","neve_post_elements_order":"","neve_meta_disable_header":"","neve_meta_disable_footer":"","neve_meta_disable_title":"","neve_meta_reading_time":"","_ti_tpc_template_sync":false,"_ti_tpc_template_id":"","footnotes":""},"class_list":["post-732","page","type-page","status-publish","hentry"],"yoast_head":"<!-- This site is optimized with the Yoast SEO plugin v22.3 - https:\/\/yoast.com\/wordpress\/plugins\/seo\/ -->\n<title>politique-de-confidentialit\u00e9 - On Behalf AI<\/title>\n<meta name=\"robots\" content=\"index, follow, max-snippet:-1, max-image-preview:large, max-video-preview:-1\" \/>\n<link rel=\"canonical\" href=\"https:\/\/onbehalf.ai\/index.php\/fr\/personal-data-processing\/\" \/>\n<meta property=\"og:locale\" content=\"fr_FR\" \/>\n<meta property=\"og:type\" content=\"article\" \/>\n<meta property=\"og:title\" content=\"politique-de-confidentialit\u00e9 - On Behalf AI\" \/>\n<meta property=\"og:description\" content=\"Politique de confidentialit\u00e9 Derni\u00e8re mise \u00e0 jour: 31\/01\/2024 La confidentialit\u00e9 et la s\u00e9curit\u00e9 de vos donn\u00e9es personnelles sont une priorit\u00e9 pour &#8220;On Behalf AI&#8221;. Cette politique de confidentialit\u00e9 d\u00e9crit comment nous collectons, utilisons et prot\u00e9geons vos donn\u00e9es personnelles lorsque vous utilisez notre site web. Collecte des donn\u00e9es personnelles Lorsque vous naviguez sur notre site web,&hellip;&nbsp;Lire la suite &raquo;politique-de-confidentialit\u00e9\" \/>\n<meta property=\"og:url\" content=\"https:\/\/onbehalf.ai\/index.php\/fr\/personal-data-processing\/\" \/>\n<meta property=\"og:site_name\" content=\"On Behalf AI\" \/>\n<meta property=\"article:modified_time\" content=\"2024-03-29T12:54:41+00:00\" \/>\n<meta property=\"og:image\" content=\"https:\/\/onbehalf.ai\/wp-content\/uploads\/2024\/02\/1.png\" \/>\n<meta name=\"twitter:card\" content=\"summary_large_image\" \/>\n<meta name=\"twitter:label1\" content=\"Dur\u00e9e de lecture estim\u00e9e\" \/>\n\t<meta name=\"twitter:data1\" content=\"3 minutes\" \/>\n<script type=\"application\/ld+json\" class=\"yoast-schema-graph\">{\"@context\":\"https:\/\/schema.org\",\"@graph\":[{\"@type\":\"WebPage\",\"@id\":\"https:\/\/onbehalf.ai\/index.php\/fr\/personal-data-processing\/\",\"url\":\"https:\/\/onbehalf.ai\/index.php\/fr\/personal-data-processing\/\",\"name\":\"politique-de-confidentialit\u00e9 - On Behalf AI\",\"isPartOf\":{\"@id\":\"https:\/\/onbehalf.ai\/#website\"},\"primaryImageOfPage\":{\"@id\":\"https:\/\/onbehalf.ai\/index.php\/fr\/personal-data-processing\/#primaryimage\"},\"image\":{\"@id\":\"https:\/\/onbehalf.ai\/index.php\/fr\/personal-data-processing\/#primaryimage\"},\"thumbnailUrl\":\"https:\/\/onbehalf.ai\/wp-content\/uploads\/2024\/02\/1.png\",\"datePublished\":\"2024-02-05T22:39:38+00:00\",\"dateModified\":\"2024-03-29T12:54:41+00:00\",\"breadcrumb\":{\"@id\":\"https:\/\/onbehalf.ai\/index.php\/fr\/personal-data-processing\/#breadcrumb\"},\"inLanguage\":\"fr-FR\",\"potentialAction\":[{\"@type\":\"ReadAction\",\"target\":[\"https:\/\/onbehalf.ai\/index.php\/fr\/personal-data-processing\/\"]}]},{\"@type\":\"ImageObject\",\"inLanguage\":\"fr-FR\",\"@id\":\"https:\/\/onbehalf.ai\/index.php\/fr\/personal-data-processing\/#primaryimage\",\"url\":\"https:\/\/onbehalf.ai\/wp-content\/uploads\/2024\/02\/1.png\",\"contentUrl\":\"https:\/\/onbehalf.ai\/wp-content\/uploads\/2024\/02\/1.png\",\"width\":167,\"height\":12},{\"@type\":\"BreadcrumbList\",\"@id\":\"https:\/\/onbehalf.ai\/index.php\/fr\/personal-data-processing\/#breadcrumb\",\"itemListElement\":[{\"@type\":\"ListItem\",\"position\":1,\"name\":\"Accueil\",\"item\":\"https:\/\/onbehalf.ai\/\"},{\"@type\":\"ListItem\",\"position\":2,\"name\":\"On Behalf AI\",\"item\":\"https:\/\/onbehalf.ai\/\"},{\"@type\":\"ListItem\",\"position\":3,\"name\":\"politique-de-confidentialit\u00e9\"}]},{\"@type\":\"WebSite\",\"@id\":\"https:\/\/onbehalf.ai\/#website\",\"url\":\"https:\/\/onbehalf.ai\/\",\"name\":\"On Behalf AI\",\"description\":\"Conseil &amp; Op\u00e9rateur d&#039;IA\",\"publisher\":{\"@id\":\"https:\/\/onbehalf.ai\/#organization\"},\"potentialAction\":[{\"@type\":\"SearchAction\",\"target\":{\"@type\":\"EntryPoint\",\"urlTemplate\":\"https:\/\/onbehalf.ai\/?s={search_term_string}\"},\"query-input\":\"required name=search_term_string\"}],\"inLanguage\":\"fr-FR\"},{\"@type\":\"Organization\",\"@id\":\"https:\/\/onbehalf.ai\/#organization\",\"name\":\"On Behalf AI\",\"url\":\"https:\/\/onbehalf.ai\/\",\"logo\":{\"@type\":\"ImageObject\",\"inLanguage\":\"fr-FR\",\"@id\":\"https:\/\/onbehalf.ai\/#\/schema\/logo\/image\/\",\"url\":\"https:\/\/onbehalf.ai\/wp-content\/uploads\/2024\/01\/NEW_On_Behalf_LogoTitle_bigger_bottom_line-1.svg\",\"contentUrl\":\"https:\/\/onbehalf.ai\/wp-content\/uploads\/2024\/01\/NEW_On_Behalf_LogoTitle_bigger_bottom_line-1.svg\",\"width\":943,\"height\":215,\"caption\":\"On Behalf AI\"},\"image\":{\"@id\":\"https:\/\/onbehalf.ai\/#\/schema\/logo\/image\/\"}}]}<\/script>\n<!-- \/ Yoast SEO plugin. -->","yoast_head_json":{"title":"politique-de-confidentialit\u00e9 - On Behalf AI","robots":{"index":"index","follow":"follow","max-snippet":"max-snippet:-1","max-image-preview":"max-image-preview:large","max-video-preview":"max-video-preview:-1"},"canonical":"https:\/\/onbehalf.ai\/index.php\/fr\/personal-data-processing\/","og_locale":"fr_FR","og_type":"article","og_title":"politique-de-confidentialit\u00e9 - On Behalf AI","og_description":"Politique de confidentialit\u00e9 Derni\u00e8re mise \u00e0 jour: 31\/01\/2024 La confidentialit\u00e9 et la s\u00e9curit\u00e9 de vos donn\u00e9es personnelles sont une priorit\u00e9 pour &#8220;On Behalf AI&#8221;. Cette politique de confidentialit\u00e9 d\u00e9crit comment nous collectons, utilisons et prot\u00e9geons vos donn\u00e9es personnelles lorsque vous utilisez notre site web. Collecte des donn\u00e9es personnelles Lorsque vous naviguez sur notre site web,&hellip;&nbsp;Lire la suite &raquo;politique-de-confidentialit\u00e9","og_url":"https:\/\/onbehalf.ai\/index.php\/fr\/personal-data-processing\/","og_site_name":"On Behalf AI","article_modified_time":"2024-03-29T12:54:41+00:00","og_image":[{"url":"https:\/\/onbehalf.ai\/wp-content\/uploads\/2024\/02\/1.png"}],"twitter_card":"summary_large_image","twitter_misc":{"Dur\u00e9e de lecture estim\u00e9e":"3 minutes"},"schema":{"@context":"https:\/\/schema.org","@graph":[{"@type":"WebPage","@id":"https:\/\/onbehalf.ai\/index.php\/fr\/personal-data-processing\/","url":"https:\/\/onbehalf.ai\/index.php\/fr\/personal-data-processing\/","name":"politique-de-confidentialit\u00e9 - On Behalf AI","isPartOf":{"@id":"https:\/\/onbehalf.ai\/#website"},"primaryImageOfPage":{"@id":"https:\/\/onbehalf.ai\/index.php\/fr\/personal-data-processing\/#primaryimage"},"image":{"@id":"https:\/\/onbehalf.ai\/index.php\/fr\/personal-data-processing\/#primaryimage"},"thumbnailUrl":"https:\/\/onbehalf.ai\/wp-content\/uploads\/2024\/02\/1.png","datePublished":"2024-02-05T22:39:38+00:00","dateModified":"2024-03-29T12:54:41+00:00","breadcrumb":{"@id":"https:\/\/onbehalf.ai\/index.php\/fr\/personal-data-processing\/#breadcrumb"},"inLanguage":"fr-FR","potentialAction":[{"@type":"ReadAction","target":["https:\/\/onbehalf.ai\/index.php\/fr\/personal-data-processing\/"]}]},{"@type":"ImageObject","inLanguage":"fr-FR","@id":"https:\/\/onbehalf.ai\/index.php\/fr\/personal-data-processing\/#primaryimage","url":"https:\/\/onbehalf.ai\/wp-content\/uploads\/2024\/02\/1.png","contentUrl":"https:\/\/onbehalf.ai\/wp-content\/uploads\/2024\/02\/1.png","width":167,"height":12},{"@type":"BreadcrumbList","@id":"https:\/\/onbehalf.ai\/index.php\/fr\/personal-data-processing\/#breadcrumb","itemListElement":[{"@type":"ListItem","position":1,"name":"Accueil","item":"https:\/\/onbehalf.ai\/"},{"@type":"ListItem","position":2,"name":"On Behalf AI","item":"https:\/\/onbehalf.ai\/"},{"@type":"ListItem","position":3,"name":"politique-de-confidentialit\u00e9"}]},{"@type":"WebSite","@id":"https:\/\/onbehalf.ai\/#website","url":"https:\/\/onbehalf.ai\/","name":"On Behalf AI","description":"Conseil &amp; Op\u00e9rateur d&#039;IA","publisher":{"@id":"https:\/\/onbehalf.ai\/#organization"},"potentialAction":[{"@type":"SearchAction","target":{"@type":"EntryPoint","urlTemplate":"https:\/\/onbehalf.ai\/?s={search_term_string}"},"query-input":"required name=search_term_string"}],"inLanguage":"fr-FR"},{"@type":"Organization","@id":"https:\/\/onbehalf.ai\/#organization","name":"On Behalf AI","url":"https:\/\/onbehalf.ai\/","logo":{"@type":"ImageObject","inLanguage":"fr-FR","@id":"https:\/\/onbehalf.ai\/#\/schema\/logo\/image\/","url":"https:\/\/onbehalf.ai\/wp-content\/uploads\/2024\/01\/NEW_On_Behalf_LogoTitle_bigger_bottom_line-1.svg","contentUrl":"https:\/\/onbehalf.ai\/wp-content\/uploads\/2024\/01\/NEW_On_Behalf_LogoTitle_bigger_bottom_line-1.svg","width":943,"height":215,"caption":"On Behalf AI"},"image":{"@id":"https:\/\/onbehalf.ai\/#\/schema\/logo\/image\/"}}]}},"_links":{"self":[{"href":"https:\/\/onbehalf.ai\/index.php\/wp-json\/wp\/v2\/pages\/732","targetHints":{"allow":["GET"]}}],"collection":[{"href":"https:\/\/onbehalf.ai\/index.php\/wp-json\/wp\/v2\/pages"}],"about":[{"href":"https:\/\/onbehalf.ai\/index.php\/wp-json\/wp\/v2\/types\/page"}],"author":[{"embeddable":true,"href":"https:\/\/onbehalf.ai\/index.php\/wp-json\/wp\/v2\/users\/1"}],"replies":[{"embeddable":true,"href":"https:\/\/onbehalf.ai\/index.php\/wp-json\/wp\/v2\/comments?post=732"}],"version-history":[{"count":4,"href":"https:\/\/onbehalf.ai\/index.php\/wp-json\/wp\/v2\/pages\/732\/revisions"}],"predecessor-version":[{"id":736,"href":"https:\/\/onbehalf.ai\/index.php\/wp-json\/wp\/v2\/pages\/732\/revisions\/736"}],"up":[{"embeddable":true,"href":"https:\/\/onbehalf.ai\/index.php\/wp-json\/wp\/v2\/pages\/37"}],"wp:attachment":[{"href":"https:\/\/onbehalf.ai\/index.php\/wp-json\/wp\/v2\/media?parent=732"}],"curies":[{"name":"wp","href":"https:\/\/api.w.org\/{rel}","templated":true}]}}